{"id":550137,"date":"2023-08-26T16:35:44","date_gmt":"2023-08-26T14:35:44","guid":{"rendered":"https:\/\/www.bfsvoucher.com\/terms\/"},"modified":"2024-07-02T21:23:02","modified_gmt":"2024-07-02T19:23:02","slug":"agb","status":"publish","type":"page","link":"https:\/\/www.bfsvoucher.com\/de\/agb\/","title":{"rendered":"AGB"},"content":{"rendered":"<h2 style=\"text-align: left;\">Allgemeine Gesch\u00e4ftsbedingungen f\u00fcr den Verkauf von BON BON Gutscheinen<\/h2>\n<p style=\"text-align: left;\">(Stand: August 2023)<\/p>\n<h5 style=\"text-align: left;\">1. Vertragsgegenstand; Vertragspartner<\/h5>\n<p style=\"text-align: left;\">1.1. Diese Allgemeinen Gesch\u00e4ftsbedingungen (\u201eAGB\u201c) gelten f\u00fcr den Verkauf von Gastronomie-Gutscheinen (\u201eGutscheine\u201c) durch die PayNowEatLater GmbH (\u201eBON BON\u201c). Sie haben die Wahl zwischen folgenden Gutscheinen:<\/p>\n<ul style=\"text-align: left;\">\n<li>BON BON-Genussgutschein, den Sie direkt bei einem unserer Akzeptanzpartner einl\u00f6sen k\u00f6nnen (\u201eGenuss-Gutschein\u201c). N\u00e4heres zur Ausgestaltung des Genuss-Gutscheins finden Sie unter Ziffer 3 der AGB.<\/li>\n<li>BON BON-Geschenkgutschein, der bei BON BON gegen einen der vielen Restaurant-Gutscheine unserer Gutscheinpartner eingel\u00f6st werden kann (\u201eGeschenk-Gutschein\u201c). N\u00e4heres zur Ausgestaltung des Geschenk-Gutscheins finden Sie unter Ziffer 4 der AGB.<\/li>\n<li>Restaurant-Gutscheine unserer Gutscheinpartner (\u201eRestaurant-Gutschein\u201c). N\u00e4heres zur Ausgestaltung der Restaurant-Gutscheine finden Sie unter Ziffer 5 der AGB.<\/li>\n<\/ul>\n<p style=\"text-align: left;\">1.2. Ihr Kaufvertrag kommt mit PayNowEatLater GmbH, Schulterblatt 58, 20357 Hamburg, E-Mail: &#105;&#x6e;&#102;&#x6f;&#64;&#x62;&#111;&#x6e;&#45;&#x62;&#111;&#x6e;&#46;&#x64;&#101;, Internet: www.bon-bon.de zustande.<\/p>\n<h5 style=\"text-align: left;\">2. Vertragsschluss<\/h5>\n<p style=\"text-align: left;\">2.1. Der Vertrag kommt zustande, wenn BON BON das in Ihrer Bestellung liegende Angebot annimmt. Die Darstellung der Gutscheine auf der Webseite von BON BON, stellt kein rechtlich bindendes Angebot von BON BON dar. Alle Ihre Eingaben werden vor der verbindlichen Bestellung in einer Bestell\u00fcbersicht angezeigt und k\u00f6nnen dort von Ihnen korrigiert werden. Erst durch Anklicken des Buttons \u201eJetzt Kaufen\u201c geben Sie eine verbindliche Bestellung der im Warenkorb enthaltenen Gutscheine ab. Die Best\u00e4tigung des Eingangs Ihrer Bestellung folgt unmittelbar per E-Mail. Die Best\u00e4tigung enth\u00e4lt zugleich die Annahme des Vertrags.<\/p>\n<p style=\"text-align: left;\">2.2. BON BON speichert f\u00fcr Sie nicht den Vertragstext, sendet Ihnen aber die Bestelldaten und die AGB als PDF per E-Mail zu. Die AGB k\u00f6nnen auch auf der BON BON Webseite eingesehen, ausgedruckt und gespeichert werden.<\/p>\n<p style=\"text-align: left;\">2.3. Die Vertragssprache ist Deutsch.<\/p>\n<h5 style=\"text-align: left;\">3. Der BON BON Genuss-Gutschein<\/h5>\n<p style=\"text-align: left;\">3.1. Genuss-Gutscheine werden von BON BON ausgegeben und verk\u00f6rpern das Recht, bei den teilnehmenden Akzeptanzpartnern zubereitete Speisen und Getr\u00e4nke im Wert des Nennbetrags zu beziehen. Der Bezug von anderen Waren als zubereitete Speisen und Getr\u00e4nke mit Hilfe des Gutscheins ist nicht zul\u00e4ssig.<\/p>\n<p style=\"text-align: left;\">3.2. Sie k\u00f6nnen den Gutschein direkt bei den teilnehmenden Akzeptanzpartnern einl\u00f6sen. Der Kreis der teilnehmenden Akzeptanzpartner kann sich \u00e4ndern. Die teilnehmenden Akzeptanzpartner sind unter www.bon-bon.de\/akzeptanzpartner einsehbar.<\/p>\n<p style=\"text-align: left;\">3.3. Genuss-Gutscheine k\u00f6nnen von Ihnen dergestalt individualisiert werden, dass ein bestimmter Akzeptanzpartner namentlich auf dem Genuss-Gutschein benannt wird. Hierbei handelt es sich um eine Empfehlung, ohne dass der Kreis der Akzeptanzpartner beschr\u00e4nkt wird.<\/p>\n<p style=\"text-align: left;\">3.4. Die Genuss-Gutscheine sind drei Jahre g\u00fcltig ab dem Ende des Jahres, in dem sie gekauft wurden.<\/p>\n<p style=\"text-align: left;\">3.5. Eine R\u00fcckzahlung des Gutscheinnennbetrags in Geld ist ausgeschlossen.<\/p>\n<h5 style=\"text-align: left;\">4. Der BON BON Geschenk-Gutschein<\/h5>\n<p style=\"text-align: left;\">4.1. Der Geschenk-Gutschein wird von BON BON herausgegeben. Der Geschenk-Gutschein berechtigt den Inhaber des Geschenk-Gutscheins, seinen Geschenk-Gutschein im Webshop von BON BON ausschlie\u00dflich gegen Restaurant-Gutscheine aus dem Sortiment von BON BON einzutauschen.<\/p>\n<p style=\"text-align: left;\">4.2. Die Geschenk-Gutscheine sind drei Jahre g\u00fcltig ab dem Ende des Jahres, in dem sie gekauft wurden.<\/p>\n<p style=\"text-align: left;\">4.3. Eine R\u00fcckzahlung des Gutscheinnennbetrags in Geld ist ausgeschlossen.<\/p>\n<h5 style=\"text-align: left;\">5. Restaurant-Gutscheine<\/h5>\n<p style=\"text-align: left;\">5.1. Restaurant-Gutscheine unserer Gutscheinpartner verk\u00f6rpern ein von dem jeweiligen Gutscheinpartner einger\u00e4umtes Recht zum Bezug von zubereiteten Speisen und Getr\u00e4nken beim Gutscheinpartner und\/oder dessen Akzeptanzpartner. Das bedeutet, dass Sie den Restaurant-Gutschein nicht bei BON BON einl\u00f6sen k\u00f6nnen.<\/p>\n<p style=\"text-align: left;\">5.2. Ein Eintausch dieser Restaurant-Gutscheine beim Gutscheinpartner und\/oder dessen Akzeptanzpartner gegen Geld ist nicht m\u00f6glich.<\/p>\n<p style=\"text-align: left;\">5.3. In Bezug auf das durch den Restaurant-Gutschein verk\u00f6rperte Recht gelten im \u00dcbrigen die Gutscheinbedingungen des jeweiligen Gutscheinpartners (einschlie\u00dflich etwaiger Ausschlussfristen f\u00fcr die Einl\u00f6sung des Restaurant-Gutscheins).<\/p>\n<h5 style=\"text-align: left;\">6. Liefermodalit\u00e4ten<\/h5>\n<p style=\"text-align: left;\">6.1. Gutscheine werden je nach Bestellung in haptischer Form oder in elektronischer Form per E-Mail geliefert.<\/p>\n<p style=\"text-align: left;\">6.2. Die Lieferung von haptischen Gutscheinen ist ausschlie\u00dflich an eine Adresse innerhalb Deutschlands m\u00f6glich. Zudem ist eine Lieferung an eine Postfachadresse oder Packstation ausgeschlossen. Die Lieferfrist betr\u00e4gt bei haptischen Gutscheinen bis zu f\u00fcnf Werktage ab Vertragsschluss. Werktage sind alle Wochentage mit Ausnahme von Samstag, Sonntag und gesetzlichen Feiertagen in Hamburg.<\/p>\n<p style=\"text-align: left;\">6.3. Die Lieferung erfolgt innerhalb eines Werktags ab Bestellung an die von Ihnen angegebene E-Mail-Adresse.<\/p>\n<h5 style=\"text-align: left;\">7. Zahlungsbedingungen<\/h5>\n<p style=\"text-align: left;\">7.1. Alle Preise sind Gesamtpreise und verstehen sich einschlie\u00dflich der jeweils g\u00fcltigen Umsatzsteuer. Gegebenenfalls zus\u00e4tzlich anfallende Versandkosten werden gesondert angegeben.<\/p>\n<p style=\"text-align: left;\">7.2. Sie k\u00f6nnen den Kaufpreis mit folgenden Zahlungsmethoden bezahlen: Kreditkarten der Kreditkartenorganisationen VISA, Mastercard, American Express sowie Zahlungen per Paypal. Zur Absicherung des Bonit\u00e4tsrisikos beh\u00e4lt sich BON BON vor, im Einzelfall bestimmte Zahlungsarten auszuschlie\u00dfen.<\/p>\n<p style=\"text-align: left;\">7.3. Restaurant-Gutscheine k\u00f6nnen anstelle der Zahlung des Kaufpreises auch mittels der Einl\u00f6sung eines Geschenk-Gutscheins erworben werden.<\/p>\n<p style=\"text-align: left;\">7.4. Die Zahlung ist mit Vertragsschluss f\u00e4llig.<\/p>\n<h5 style=\"text-align: left;\">8. Datenschutz<\/h5>\n<p style=\"text-align: left;\">Soweit BON BON personenbezogene Daten verarbeitet, gilt unsere Datenschutzerkl\u00e4rung. Sie ist in der jeweils aktuellen Fassung unter https:\/\/www.bfsvoucher.com\/datenschutz\/ einsehbar.<\/p>\n<h5 style=\"text-align: left;\">9. Information \u00fcber das Bestehen bzw. Nichtbestehen eines Widerrufsrechts<\/h5>\n<p style=\"text-align: left;\">9.1. Sofern Sie Verbraucher sind und einen haptischen Gutschein erwerben, steht Ihnen nach Ma\u00dfgabe der nachfolgenden Regelungen ein Widerrufsrecht zu.<\/p>\n<p style=\"text-align: left;\"><strong>Widerrufsrecht<\/strong><br \/>\nSie haben das Recht, binnen vierzehn Tagen ohne Angabe von Gr\u00fcnden diesen Vertrag zu widerrufen.<br \/>\nDie Widerrufsfrist betr\u00e4gt vierzehn Tage ab dem Tag, an dem Sie oder ein von Ihnen benannter Dritter, der nicht der Bef\u00f6rderer ist, die Waren in Besitz genommen haben bzw. hat.<\/p>\n<p style=\"text-align: left;\">Um Ihr Widerrufsrecht auszu\u00fcben, m\u00fcssen Sie uns (PayNowEatLater GmbH (Schulterblatt 58, 20357 Hamburg, E-Mail: &#x69;&#x6e;&#102;&#111;&#64;&#x62;&#x6f;&#x6e;&#45;bo&#x6e;&#x2e;&#100;&#101;) mittels einer eindeutigen Erkl\u00e4rung (z.B. ein mit der Post versandter Brief, Telefax oder E-Mail) \u00fcber Ihren Entschluss, diesen Vertrag zu widerrufen, informieren. Sie k\u00f6nnen daf\u00fcr das beigef\u00fcgte Muster-Widerrufsformular verwenden, das jedoch nicht vorgeschrieben ist.<br \/>\nZur Wahrung der Widerrufsfrist reicht es aus, dass Sie die Mitteilung \u00fcber die Aus\u00fcbung des Widerrufsrechts vor Ablauf der Widerrufsfrist absenden.<\/p>\n<p style=\"text-align: left;\"><strong>Folgen des Widerrufs<\/strong><br \/>\nWenn Sie diesen Vertrag widerrufen, haben wir Ihnen alle Zahlungen, die wir von Ihnen erhalten haben, einschlie\u00dflich der Lieferkosten (mit Ausnahme der zus\u00e4tzlichen Kosten, die sich daraus ergeben, dass Sie eine andere Art der Lieferung als die von uns angebotene, g\u00fcnstigste Standardlieferung gew\u00e4hlt haben), unverz\u00fcglich und sp\u00e4testens binnen vierzehn Tagen ab dem Tag zur\u00fcckzuzahlen, an dem die Mitteilung \u00fcber Ihren Widerruf dieses Vertrags bei uns eingegangen ist. F\u00fcr diese R\u00fcckzahlung verwenden wir dasselbe Zahlungsmittel, das Sie bei der urspr\u00fcnglichen Transaktion eingesetzt haben, es sei denn, mit Ihnen wurde ausdr\u00fccklich etwas anderes vereinbart; in keinem Fall werden Ihnen wegen dieser R\u00fcckzahlung Entgelte berechnet. Wir k\u00f6nnen die R\u00fcckzahlung verweigern, bis wir die Waren wieder zur\u00fcckerhalten haben oder bis Sie den Nachweis erbracht haben, dass Sie die Waren zur\u00fcckgesandt haben, je nachdem, welches der fr\u00fchere Zeitpunkt ist.<\/p>\n<p style=\"text-align: left;\">Sie haben die Waren unverz\u00fcglich und in jedem Fall sp\u00e4testens binnen vierzehn Tagen ab dem Tag, an dem Sie uns \u00fcber den Widerruf dieses Vertrags unterrichten, an uns zur\u00fcckzusenden oder zu \u00fcbergeben. Die Frist ist gewahrt, wenn Sie die Waren vor Ablauf der Frist von vierzehn Tagen absenden. Wir tragen die Kosten der R\u00fccksendung der Waren. Sie m\u00fcssen f\u00fcr einen etwaigen Wertverlust der Waren nur aufkommen, wenn dieser Wertverlust auf einen zur Pr\u00fcfung der Beschaffenheit, Eigenschaften und Funktionsweise der Waren nicht notwendigen Umgang mit ihnen zur\u00fcckzuf\u00fchren ist.<br \/>\nEnde der Widerrufsbelehrung<\/p>\n<p style=\"text-align: left;\">9.2. Sofern Sie Verbraucher sind und einen elektronischen Gutschein erwerben, steht Ihnen nach Ma\u00dfgabe der nachfolgenden Regelungen ein Widerrufsrecht zu<\/p>\n<p style=\"text-align: left;\"><strong>Widerrufsrecht<\/strong><br \/>\nSie haben das Recht, binnen vierzehn Tagen ohne Angabe von Gr\u00fcnden diesen Vertrag zu widerrufen.<br \/>\nDie Widerrufsfrist betr\u00e4gt vierzehn Tage ab dem Tag des Vertragsabschlusses.<br \/>\nUm Ihr Widerrufsrecht auszu\u00fcben, m\u00fcssen Sie uns (PayNowEatLater GmbH (Schulterblatt 58, 20357 Hamburg, E-Mail: &#x69;&#x6e;&#102;&#111;&#64;b&#x6f;&#x6e;&#x2d;&#98;&#111;n&#46;&#x64;&#x65;) mittels einer eindeutigen Erkl\u00e4rung (z.B. ein mit der Post versandter Brief oder E-Mail) \u00fcber Ihren Entschluss, diesen Vertrag zu widerrufen, informieren. Sie k\u00f6nnen daf\u00fcr das beigef\u00fcgte Muster-Widerrufsformular verwenden, das jedoch nicht vorgeschrieben ist.<br \/>\nZur Wahrung der Widerrufsfrist reicht es aus, dass Sie die Mitteilung \u00fcber die Aus\u00fcbung des Widerrufsrechts vor Ablauf der Widerrufsfrist absenden.<\/p>\n<p style=\"text-align: left;\"><strong>Folgen des Widerrufs<\/strong><br \/>\nWenn Sie diesen Vertrag widerrufen, haben wir Ihnen alle Zahlungen, die wir von Ihnen erhalten haben, einschlie\u00dflich der Lieferkosten (mit Ausnahme der zus\u00e4tzlichen Kosten, die sich daraus ergeben, dass Sie eine andere Art der Lieferung als die von uns angebotene, g\u00fcnstigste Standardlieferung gew\u00e4hlt haben), unverz\u00fcglich und sp\u00e4testens binnen vierzehn Tagen ab dem Tag zur\u00fcckzuzahlen, an dem die Mitteilung \u00fcber Ihren Widerruf dieses Vertrags bei uns eingegangen ist. F\u00fcr diese R\u00fcckzahlung verwenden wir dasselbe Zahlungsmittel, das Sie bei der urspr\u00fcnglichen Transaktion eingesetzt haben, es sei denn, mit Ihnen wurde ausdr\u00fccklich etwas anderes vereinbart; in keinem Fall werden Ihnen wegen dieser R\u00fcckzahlung Entgelte berechnet.<\/p>\n<p style=\"text-align: left;\"><strong>Ende der Widerrufsbelehrung<\/strong><br \/>\nIn den folgenden F\u00e4llen k\u00f6nnen Sie Ihre Vertragserkl\u00e4rung nicht widerrufen:<br \/>\nDas Widerrufsrecht erlischt bei einem Vertrag \u00fcber die Lieferung von nicht auf einem k\u00f6rperlichen Datentr\u00e4ger befindlichen digitalen Inhalten auch dann, wenn BON BON mit der Ausf\u00fchrung des Vertrags begonnen hat, nachdem Sie ausdr\u00fccklich zugestimmt haben, dass BON BON mit der Ausf\u00fchrung des Vertrags vor Ablauf der Widerrufsfrist beginnt, und Ihre Kenntnis davon best\u00e4tigt haben, dass Sie durch Ihre Zustimmung mit Beginn der Ausf\u00fchrung des Vertrags Ihr Widerrufsrecht verlieren.<\/p>\n<p style=\"text-align: left;\">9.3. Wenn Sie den Vertrag widerrufen wollen, k\u00f6nnen Sie folgendes Muster-Widerrufsformular verwenden:<\/p>\n<p style=\"text-align: left;\"><strong>Muster-Widerrufsformular<\/strong><\/p>\n<p style=\"text-align: left;\">(Wenn Sie den Vertrag widerrufen wollen, dann f\u00fcllen Sie bitte dieses Formular aus und senden Sie es zur\u00fcck)<\/p>\n<p style=\"text-align: left;\">&#8211; An<br \/>\nPayNowEatLater GmbH<br \/>\nSchulterblatt 58<br \/>\n20357 Hamburg<br \/>\nE-Mail: i&#110;&#x66;&#x6f;&#x40;b&#111;&#x6e;&#x2d;&#x62;o&#110;&#x2e;&#x64;&#x65;<\/p>\n<p style=\"text-align: left;\">\u2013 Hiermit widerrufe(n) ich\/wir (*) den von mir\/uns (*) abgeschlossenen Vertrag \u00fcber den Kauf der folgenden Waren (*):<br \/>\n\u2013 Bestellt am (*)\/erhalten am (*):<br \/>\n\u2013 Name des\/der Verbraucher(s):<br \/>\n\u2013 Anschrift des\/der Verbraucher(s):<br \/>\n\u2013 Unterschrift des\/der Verbraucher(s) (nur bei Mitteilung auf Papier)<br \/>\n\u2013 Datum<\/p>\n<p style=\"text-align: left;\">&#8212;&#8212;&#8212;&#8212;&#8212;&#8212;&#8212;&#8212;&#8212;&#8212;&#8212;&#8212;&#8212;&#8212;&#8212;&#8212;&#8212;&#8212;&#8212;&#8212;&#8212;&#8212;&#8212;&#8212;&#8212;&#8212;&#8212;&#8212;&#8212;&#8212;&#8212;&#8212;&#8212;&#8212;&#8212;&#8212;&#8212;&#8212;&#8212;<\/p>\n<p style=\"text-align: left;\">(*) Unzutreffendes streichen.<\/p>\n<h5 style=\"text-align: left;\">10. Gew\u00e4hrleistung \/ Haftung \/ Reklamationen \/ Alternative Streitbeilegung<\/h5>\n<p style=\"text-align: left;\">10.1. BON BON \u00fcbernimmt im vollen Umfang die gesetzliche Gew\u00e4hrleistung und Haftung.<\/p>\n<p style=\"text-align: left;\">10.2. Bei Reklamationen oder allgemeinen Fragen zur Bestellung wenden Sie sich bitte an den BON BON Customer Support. Sie erreichen den Customer Support per E-Mail unter &#105;&#x6e;&#102;&#x6f;&#64;&#98;&#x6f;&#110;&#x2d;b&#x6f;n&#46;&#x64;&#101; oder \u00fcber unser Kontakformular in den FAQ.<\/p>\n<p style=\"text-align: left;\">10.3. Zur au\u00dfergerichtlichen Beilegung von verbraucherrechtlichen Streitigkeiten hat die Europ\u00e4ische Union eine Online-Plattform eingerichtet, die Sie unter http:\/\/ec.europa.eu\/consumers\/odr\/ erreichen. Zur Teilnahme an einem Streitbeilegungsverfahren vor einer Verbraucherschlichtungsstelle sind wir nicht verpflichtet und grunds\u00e4tzlich nicht bereit.<\/p>\n<h5 style=\"text-align: left;\">11. Anwendbares Recht und Gerichtsstand<\/h5>\n<p style=\"text-align: left;\">11.1. Es gilt ausschlie\u00dflich deutsches Recht unter Ausschluss des UN-Kaufrechts.<\/p>\n<p style=\"text-align: left;\">11.2. Ist der Kunde ein Kaufmann, eine juristische Person des \u00f6ffentlichen Rechts oder ein \u00f6ffentlich-rechtliches Sonderverm\u00f6gen, so gilt Hamburg f\u00fcr s\u00e4mtliche Streitigkeiten aus oder im Zusammenhang mit diesen AGB als Gerichtsstand.<\/p>\n<p style=\"text-align: left;\">\n","protected":false},"excerpt":{"rendered":"<p>Allgemeine Gesch\u00e4ftsbedingungen f\u00fcr den Verkauf von BON BON Gutscheinen (Stand: August 2023) 1. Vertragsgegenstand; Vertragspartner 1.1. Diese Allgemeinen Gesch\u00e4ftsbedingungen (\u201eAGB\u201c) gelten f\u00fcr den Verkauf von Gastronomie-Gutscheinen (\u201eGutscheine\u201c) durch die PayNowEatLater GmbH (\u201eBON BON\u201c). Sie haben die Wahl zwischen folgenden Gutscheinen: BON BON-Genussgutschein, den Sie direkt bei einem unserer Akzeptanzpartner einl\u00f6sen k\u00f6nnen (\u201eGenuss-Gutschein\u201c). N\u00e4heres zur Ausgestaltung [&hellip;]<\/p>\n","protected":false},"author":1,"featured_media":0,"parent":0,"menu_order":20,"comment_status":"closed","ping_status":"closed","template":"","meta":{"_acf_changed":false,"footnotes":""},"class_list":["post-550137","page","type-page","status-publish","hentry"],"acf":[],"_links":{"self":[{"href":"https:\/\/www.bfsvoucher.com\/de\/wp-json\/wp\/v2\/pages\/550137","targetHints":{"allow":["GET"]}}],"collection":[{"href":"https:\/\/www.bfsvoucher.com\/de\/wp-json\/wp\/v2\/pages"}],"about":[{"href":"https:\/\/www.bfsvoucher.com\/de\/wp-json\/wp\/v2\/types\/page"}],"author":[{"embeddable":true,"href":"https:\/\/www.bfsvoucher.com\/de\/wp-json\/wp\/v2\/users\/1"}],"replies":[{"embeddable":true,"href":"https:\/\/www.bfsvoucher.com\/de\/wp-json\/wp\/v2\/comments?post=550137"}],"version-history":[{"count":1,"href":"https:\/\/www.bfsvoucher.com\/de\/wp-json\/wp\/v2\/pages\/550137\/revisions"}],"predecessor-version":[{"id":550145,"href":"https:\/\/www.bfsvoucher.com\/de\/wp-json\/wp\/v2\/pages\/550137\/revisions\/550145"}],"wp:attachment":[{"href":"https:\/\/www.bfsvoucher.com\/de\/wp-json\/wp\/v2\/media?parent=550137"}],"curies":[{"name":"wp","href":"https:\/\/api.w.org\/{rel}","templated":true}]}}